{"id":1260,"date":"2021-11-24T18:54:09","date_gmt":"2021-11-24T18:54:09","guid":{"rendered":"http:\/\/www.meprezuh.com\/contact-2\/"},"modified":"2021-11-24T18:54:10","modified_gmt":"2021-11-24T18:54:10","slug":"contact-2","status":"publish","type":"page","link":"https:\/\/www.meprezuh.com\/en\/contact-2\/","title":{"rendered":"Contact"},"content":{"rendered":"<div class=\"wpb-content-wrapper\"><p>[vc_row][vc_column][vc_empty_space height=&#8221;50px&#8221;][\/vc_column][\/vc_row][vc_row 0=&#8221;&#8221;][vc_column width=&#8221;1\/2&#8243;]\n<div class=\"wpcf7 no-js\" id=\"wpcf7-f365-o1\" lang=\"es-ES\" dir=\"ltr\" data-wpcf7-id=\"365\">\n<div class=\"screen-reader-response\"><p role=\"status\" aria-live=\"polite\" aria-atomic=\"true\"><\/p> <ul><\/ul><\/div>\n<form action=\"\/en\/wp-json\/wp\/v2\/pages\/1260#wpcf7-f365-o1\" method=\"post\" class=\"wpcf7-form init\" aria-label=\"Formulario de contacto\" novalidate=\"novalidate\" data-status=\"init\">\n<fieldset class=\"hidden-fields-container\"><input type=\"hidden\" name=\"_wpcf7\" value=\"365\" \/><input type=\"hidden\" name=\"_wpcf7_version\" value=\"6.1.5\" \/><input type=\"hidden\" name=\"_wpcf7_locale\" value=\"es_ES\" \/><input type=\"hidden\" name=\"_wpcf7_unit_tag\" value=\"wpcf7-f365-o1\" \/><input type=\"hidden\" name=\"_wpcf7_container_post\" value=\"0\" \/><input type=\"hidden\" name=\"_wpcf7_posted_data_hash\" value=\"\" \/>\n<\/fieldset>\n<p><label><br \/>\n<span class=\"wpcf7-form-control-wrap\" data-name=\"nombre\"><input size=\"40\" maxlength=\"400\" class=\"wpcf7-form-control wpcf7-text wpcf7-validates-as-required\" aria-required=\"true\" aria-invalid=\"false\" placeholder=\"Nombre (requerido)\" value=\"\" type=\"text\" name=\"nombre\" \/><\/span> <\/label>\n<\/p>\n<p><label><br \/>\n<span class=\"wpcf7-form-control-wrap\" data-name=\"email\"><input size=\"40\" maxlength=\"400\" class=\"wpcf7-form-control wpcf7-email wpcf7-validates-as-required wpcf7-text wpcf7-validates-as-email\" aria-required=\"true\" aria-invalid=\"false\" placeholder=\"Email (requerido)\" value=\"\" type=\"email\" name=\"email\" \/><\/span> <\/label>\n<\/p>\n<p><label><br \/>\n<span class=\"wpcf7-form-control-wrap\" data-name=\"telefono\"><input size=\"40\" maxlength=\"400\" class=\"wpcf7-form-control wpcf7-text\" aria-invalid=\"false\" placeholder=\"Tel\u00e9fono\" value=\"\" type=\"text\" name=\"telefono\" \/><\/span> <\/label>\n<\/p>\n<p><label><br \/>\n<span class=\"wpcf7-form-control-wrap\" data-name=\"comentarios\"><textarea cols=\"40\" rows=\"10\" maxlength=\"2000\" class=\"wpcf7-form-control wpcf7-textarea\" aria-invalid=\"false\" placeholder=\"Comentarios\" name=\"comentarios\"><\/textarea><\/span> <\/label>\n<\/p>\n<p>[recaptcha]\n<\/p>\n<p><input class=\"wpcf7-form-control wpcf7-submit has-spinner\" type=\"submit\" value=\"Enviar\" \/>\n<\/p><div class=\"wpcf7-response-output\" aria-hidden=\"true\"><\/div>\n<\/form>\n<\/div>\n[\/vc_column][vc_column width=&#8221;1\/2&#8243;][vc_custom_heading text=&#8221;Contact information&#8221; font_container=&#8221;tag:h2|text_align:left&#8221; google_fonts=&#8221;font_family:Exo%3A100%2C100italic%2C200%2C200italic%2C300%2C300italic%2Cregular%2Citalic%2C500%2C500italic%2C600%2C600italic%2C700%2C700italic%2C800%2C800italic%2C900%2C900italic|font_style:700%20bold%20regular%3A700%3Anormal&#8221; css=&#8221;.vc_custom_1491511167953{margin-top: 0px !important;}&#8221;][vc_column_text 0=&#8221;&#8221;]Contact us, we are here to serve you, tell us about your project or quote our services without obligation.[\/vc_column_text][vc_empty_space height=&#8221;20px&#8221;]<div class=\"pro-iconbox pro-iconbox-heading-left pro-animation fadeInRight info_contacto\"><div class=\"pro-iconbox-header\"><div class=\"pro-iconbox-icon\"><span class=\"pro-in fa fa-map-marker pro-icon pro-icon-accent pro-icon-outlined\"><\/span><\/div><div class=\"pro-iconbox-title\"><h3 class=\"pro-iconbox-heading\">Ubicaci\u00f3n<\/h3><\/div><\/div><div class=\"pro-iconbox-text\"><p style=\"padding-left: 40px;\"><span style=\"color: #000000;\"><strong>300 metros Noroeste de la Escuela Jos\u00e9 Breinderhof.<\/strong><\/span><br \/>\n<span style=\"color: #000000;\"><strong>Los Chiles, Daniel Flores<\/strong><\/span><br \/>\n<span style=\"color: #000000;\"><strong>P\u00e9rez Zeled\u00f3n, San Jos\u00e9-11903<\/strong><\/span><\/p>\n<p style=\"padding-left: 40px;\"><span style=\"color: #000000;\"><strong>Costa Rica<\/strong><\/span><\/p>\n<\/div><\/div><div class=\"pro-iconbox pro-iconbox-heading-left info_contacto\"><a href=\"tel:+50627711674\" class=\"pro-box-link\"><div class=\"pro-iconbox-header\"><div class=\"pro-iconbox-icon\"><span class=\"pro-in im im-phone4 pro-icon pro-icon-accent pro-icon-outlined\"><\/span><\/div><div class=\"pro-iconbox-title\"><h3 class=\"pro-iconbox-heading\">Tel\u00e9fono: +506 2771-1674<\/h3><\/div><\/div><div class=\"pro-iconbox-text\"><\/div><\/a><\/div><div class=\"pro-iconbox pro-iconbox-heading-left info_contacto\"><a href=\"https:\/\/wa.link\/t3krwx\" target=\"_blank\" class=\"pro-box-link\"><div class=\"pro-iconbox-header\"><div class=\"pro-iconbox-icon\"><span class=\"pro-in im im-mobile pro-icon pro-icon-accent pro-icon-outlined\"><\/span><\/div><div class=\"pro-iconbox-title\"><h3 class=\"pro-iconbox-heading\">Whatsapp: +506 8584 6202<\/h3><\/div><\/div><div class=\"pro-iconbox-text\"><\/div><\/a><\/div><div class=\"pro-iconbox pro-iconbox-heading-left info_contacto\"><a href=\"mailto:info@meprezuh.com\" class=\"pro-box-link\"><div class=\"pro-iconbox-header\"><div class=\"pro-iconbox-icon\"><span class=\"pro-in im im-envelop2 pro-icon pro-icon-accent pro-icon-outlined\"><\/span><\/div><div class=\"pro-iconbox-title\"><h3 class=\"pro-iconbox-heading\">Email: info@meprezuh.com<\/h3><\/div><\/div><div class=\"pro-iconbox-text\"><\/div><\/a><\/div>[\/vc_column][\/vc_row][vc_row 0=&#8221;&#8221;][vc_column 0=&#8221;&#8221;][vc_empty_space height=&#8221;50px&#8221;][\/vc_column][\/vc_row][vc_row full_width=&#8221;stretch_row_content_no_spaces&#8221;][vc_column 0=&#8221;&#8221;][vc_gmaps link=&#8221;#E-8_JTNDaWZyYW1lJTIwc3JjJTNEJTIyaHR0cHMlM0ElMkYlMkZ3d3cuZ29vZ2xlLmNvbSUyRm1hcHMlMkZlbWJlZCUzRnBiJTNEJTIxMW0xOCUyMTFtMTIlMjExbTMlMjExZDM5MzYuNTcxNjk4NDMyMjUwNyUyMTJkLTgzLjcwMDkzNzY4NDgzNDIyJTIxM2Q5LjM3MTExNTI4NjExNjA3MSUyMTJtMyUyMTFmMCUyMTJmMCUyMTNmMCUyMTNtMiUyMTFpMTAyNCUyMTJpNzY4JTIxNGYxMy4xJTIxM20zJTIxMW0yJTIxMXMweDhmYTE0ZWVjYjU2OWE2YTclMjUzQTB4Nzc0NzljNTZmMWFhZWM4ZCUyMTJzTUVQUkVaVUglMjE1ZTAlMjEzbTIlMjExc2VzJTIxMnNlcyUyMTR2MTQ5NTIxMjUyOTA1MCUyMiUyMHdpZHRoJTNEJTIyODAwJTIyJTIwaGVpZ2h0JTNEJTIyNjAwJTIyJTIwZnJhbWVib3JkZXIlM0QlMjIwJTIyJTIwc3R5bGUlM0QlMjJib3JkZXIlM0EwJTIyJTIwYWxsb3dmdWxsc2NyZWVuJTNFJTNDJTJGaWZyYW1lJTNF&#8221; size=&#8221;400&#8243;][\/vc_column][\/vc_row]<\/p>\n<\/div>","protected":false},"excerpt":{"rendered":"<p>[vc_row][vc_column][vc_empty_space height=&#8221;50px&#8221;][\/vc_column][\/vc_row][vc_row 0=&#8221;&#8221;][vc_column width=&#8221;1\/2&#8243;][\/vc_column][vc_column width=&#8221;1\/2&#8243;][vc_custom_heading text=&#8221;Contact information&#8221; font_container=&#8221;tag:h2|text_align:left&#8221; google_fonts=&#8221;font_family:Exo%3A100%2C100italic%2C200%2C200italic%2C300%2C300italic%2Cregular%2Citalic%2C500%2C500italic%2C600%2C600italic%2C700%2C700italic%2C800%2C800italic%2C900%2C900italic|font_style:700%20bold%20regular%3A700%3Anormal&#8221; css=&#8221;.vc_custom_1491511167953{margin-top: 0px !important;}&#8221;][vc_column_text 0=&#8221;&#8221;]Contact us, we are here to serve you, tell us about your project or quote our services without obligation.[\/vc_column_text][vc_empty_space height=&#8221;20px&#8221;][\/vc_column][\/vc_row][vc_row 0=&#8221;&#8221;][vc_column 0=&#8221;&#8221;][vc_empty_space height=&#8221;50px&#8221;][\/vc_column][\/vc_row][vc_row [&hellip;]<\/p>\n<a href=\"https:\/\/www.meprezuh.com\/en\/contact-2\/\" class=\"entry-more pro-btn pro-btn-rounded pro-btn-xxs pro-btn-flat-accent\">Read More<span class=\"screen-reader-text\"> about Contact<\/span><\/a>","protected":false},"author":5,"featured_media":0,"parent":0,"menu_order":0,"comment_status":"closed","ping_status":"closed","template":"","meta":{"_joinchat":[],"footnotes":""},"class_list":["post-1260","page","type-page","status-publish","hentry"],"_links":{"self":[{"href":"https:\/\/www.meprezuh.com\/en\/wp-json\/wp\/v2\/pages\/1260","targetHints":{"allow":["GET"]}}],"collection":[{"href":"https:\/\/www.meprezuh.com\/en\/wp-json\/wp\/v2\/pages"}],"about":[{"href":"https:\/\/www.meprezuh.com\/en\/wp-json\/wp\/v2\/types\/page"}],"author":[{"embeddable":true,"href":"https:\/\/www.meprezuh.com\/en\/wp-json\/wp\/v2\/users\/5"}],"replies":[{"embeddable":true,"href":"https:\/\/www.meprezuh.com\/en\/wp-json\/wp\/v2\/comments?post=1260"}],"version-history":[{"count":5,"href":"https:\/\/www.meprezuh.com\/en\/wp-json\/wp\/v2\/pages\/1260\/revisions"}],"predecessor-version":[{"id":1265,"href":"https:\/\/www.meprezuh.com\/en\/wp-json\/wp\/v2\/pages\/1260\/revisions\/1265"}],"wp:attachment":[{"href":"https:\/\/www.meprezuh.com\/en\/wp-json\/wp\/v2\/media?parent=1260"}],"curies":[{"name":"wp","href":"https:\/\/api.w.org\/{rel}","templated":true}]}}